{"id":1733,"date":"2019-04-05T10:41:22","date_gmt":"2019-04-05T08:41:22","guid":{"rendered":"https:\/\/www.mabi-usa.com\/?page_id=1733"},"modified":"2019-10-03T23:57:28","modified_gmt":"2019-10-04T06:57:28","slug":"dealers","status":"publish","type":"page","link":"https:\/\/www.mabi-usa.com\/es\/dealers\/","title":{"rendered":"ORDENAR"},"content":{"rendered":"\t\t<div data-elementor-type=\"wp-post\" data-elementor-id=\"1733\" class=\"elementor elementor-1733 elementor-1502\" data-elementor-post-type=\"page\">\n\t\t\t\t\t\t<section class=\"elementor-section elementor-top-section elementor-element elementor-element-77ca6c4 elementor-section-boxed elementor-section-height-default elementor-section-height-default\" data-id=\"77ca6c4\" data-element_type=\"section\" data-e-type=\"section\">\n\t\t\t\t\t\t<div class=\"elementor-container elementor-column-gap-default\">\n\t\t\t\t\t<div class=\"elementor-column elementor-col-100 elementor-top-column elementor-element elementor-element-16aebe3\" data-id=\"16aebe3\" data-element_type=\"column\" data-e-type=\"column\">\n\t\t\t<div class=\"elementor-widget-wrap elementor-element-populated\">\n\t\t\t\t\t\t<div class=\"elementor-element elementor-element-9c2171f elementor-widget elementor-widget-heading\" data-id=\"9c2171f\" data-element_type=\"widget\" data-e-type=\"widget\" data-widget_type=\"heading.default\">\n\t\t\t\t<div class=\"elementor-widget-container\">\n\t\t\t\t\t<h2 class=\"elementor-heading-title elementor-size-default\">Consulte con su proveedor dedicado al suministro de productos y equipos para el Control de Plagas y Termitas o p\u00f3ngase en contacto directamente con nuestros principales distribuidores:<\/h2>\t\t\t\t<\/div>\n\t\t\t\t<\/div>\n\t\t\t\t\t<\/div>\n\t\t<\/div>\n\t\t\t\t\t<\/div>\n\t\t<\/section>\n\t\t\t\t<section class=\"elementor-section elementor-top-section elementor-element elementor-element-7891c83 elementor-section-boxed elementor-section-height-default elementor-section-height-default\" data-id=\"7891c83\" data-element_type=\"section\" data-e-type=\"section\">\n\t\t\t\t\t\t<div class=\"elementor-container elementor-column-gap-default\">\n\t\t\t\t\t<div class=\"elementor-column elementor-col-33 elementor-top-column elementor-element elementor-element-a0cd68c\" data-id=\"a0cd68c\" data-element_type=\"column\" data-e-type=\"column\">\n\t\t\t<div class=\"elementor-widget-wrap elementor-element-populated\">\n\t\t\t\t\t\t<div class=\"elementor-element elementor-element-91a0c03 elementor-widget elementor-widget-image\" data-id=\"91a0c03\" data-element_type=\"widget\" data-e-type=\"widget\" data-widget_type=\"image.default\">\n\t\t\t\t<div class=\"elementor-widget-container\">\n\t\t\t\t\t\t\t\t\t\t\t\t\t\t\t\t<a href=\"https:\/\/www.termitestore.com\/\" target=\"_blank\">\n\t\t\t\t\t\t\t<img decoding=\"async\" width=\"225\" height=\"108\" src=\"https:\/\/www.mabi-usa.com\/wp-content\/uploads\/2019\/04\/termitestore.png\" class=\"attachment-large size-large wp-image-1511\" alt=\"termite t\" srcset=\"https:\/\/www.mabi-usa.com\/wp-content\/uploads\/2019\/04\/termitestore.png 225w, https:\/\/www.mabi-usa.com\/wp-content\/uploads\/2019\/04\/termitestore-24x12.png 24w, https:\/\/www.mabi-usa.com\/wp-content\/uploads\/2019\/04\/termitestore-36x17.png 36w, https:\/\/www.mabi-usa.com\/wp-content\/uploads\/2019\/04\/termitestore-48x23.png 48w\" sizes=\"(max-width: 225px) 100vw, 225px\" \/>\t\t\t\t\t\t\t\t<\/a>\n\t\t\t\t\t\t\t\t\t\t\t\t\t\t\t<\/div>\n\t\t\t\t<\/div>\n\t\t\t\t<div class=\"elementor-element elementor-element-0a5cf0f elementor-widget elementor-widget-text-editor\" data-id=\"0a5cf0f\" data-element_type=\"widget\" data-e-type=\"widget\" data-widget_type=\"text-editor.default\">\n\t\t\t\t<div class=\"elementor-widget-container\">\n\t\t\t\t\t\t\t\t\t<p>Para profesionales y compradores individuales.<\/p>\n<p>Termite Store tiene una gama amplia de Mabi Injector para sus tratamientos de termitas de madera seca y termitas subterr\u00e1neas.<\/p>\n<p>Esta tienda en l\u00ednea, con sede en Florida, puede enviar su pedido de forma gratuita en todos los Estados Unidos continentales.<\/p>\t\t\t\t\t\t\t\t<\/div>\n\t\t\t\t<\/div>\n\t\t\t\t<div class=\"elementor-element elementor-element-0d506b4 elementor-widget elementor-widget-heading\" data-id=\"0d506b4\" data-element_type=\"widget\" data-e-type=\"widget\" data-widget_type=\"heading.default\">\n\t\t\t\t<div class=\"elementor-widget-container\">\n\t\t\t\t\t<h3 class=\"elementor-heading-title elementor-size-default\"><a href=\"https:\/\/www.termitestore.com\/\" target=\"_blank\">Compre aqu\u00ed<\/a><\/h3>\t\t\t\t<\/div>\n\t\t\t\t<\/div>\n\t\t\t\t\t<\/div>\n\t\t<\/div>\n\t\t\t\t<div class=\"elementor-column elementor-col-33 elementor-top-column elementor-element elementor-element-4986178\" data-id=\"4986178\" data-element_type=\"column\" data-e-type=\"column\">\n\t\t\t<div class=\"elementor-widget-wrap elementor-element-populated\">\n\t\t\t\t\t\t<div class=\"elementor-element elementor-element-948a878 elementor-widget elementor-widget-image\" data-id=\"948a878\" data-element_type=\"widget\" data-e-type=\"widget\" data-widget_type=\"image.default\">\n\t\t\t\t<div class=\"elementor-widget-container\">\n\t\t\t\t\t\t\t\t\t\t\t\t\t\t\t\t<a href=\"https:\/\/forshaw.com\/\" target=\"_blank\">\n\t\t\t\t\t\t\t<img decoding=\"async\" width=\"225\" height=\"108\" src=\"https:\/\/www.mabi-usa.com\/wp-content\/uploads\/2019\/04\/forshaw.png\" class=\"attachment-large size-large wp-image-1507\" alt=\"distributor for pest control\" srcset=\"https:\/\/www.mabi-usa.com\/wp-content\/uploads\/2019\/04\/forshaw.png 225w, https:\/\/www.mabi-usa.com\/wp-content\/uploads\/2019\/04\/forshaw-24x12.png 24w, https:\/\/www.mabi-usa.com\/wp-content\/uploads\/2019\/04\/forshaw-36x17.png 36w, https:\/\/www.mabi-usa.com\/wp-content\/uploads\/2019\/04\/forshaw-48x23.png 48w\" sizes=\"(max-width: 225px) 100vw, 225px\" \/>\t\t\t\t\t\t\t\t<\/a>\n\t\t\t\t\t\t\t\t\t\t\t\t\t\t\t<\/div>\n\t\t\t\t<\/div>\n\t\t\t\t<div class=\"elementor-element elementor-element-528ada4 elementor-widget elementor-widget-text-editor\" data-id=\"528ada4\" data-element_type=\"widget\" data-e-type=\"widget\" data-widget_type=\"text-editor.default\">\n\t\t\t\t<div class=\"elementor-widget-container\">\n\t\t\t\t\t\t\t\t\t<p>Solo para profesionales (Controladores de Plagas Urbanas).<br \/><br \/>FORSHAW es un distribuidor reconocido que comercializa productos y equipos para el control de plagas.<br \/><br \/>Por supuesto, ahora venden los nuevos inyectores Mabi, un producto 2 \u2013en-1 para inyectar\/tapar su producto para eliminar las termitas de forma segura y r\u00e1pida.<br \/><br \/>7 ubicaciones en los EE. UU., incluyendo Charlotte, NC ; Kennesaw, GA ; Richmond, VA ; Nashville, TN ; Ocala, FL ; Cincinnati, OH ; Canton, MA<\/p>\t\t\t\t\t\t\t\t<\/div>\n\t\t\t\t<\/div>\n\t\t\t\t<div class=\"elementor-element elementor-element-460b5c1 elementor-widget elementor-widget-heading\" data-id=\"460b5c1\" data-element_type=\"widget\" data-e-type=\"widget\" data-widget_type=\"heading.default\">\n\t\t\t\t<div class=\"elementor-widget-container\">\n\t\t\t\t\t<h3 class=\"elementor-heading-title elementor-size-default\"><a href=\"https:\/\/forshaw.com\/\" target=\"_blank\">Compre aqu\u00ed<\/a><\/h3>\t\t\t\t<\/div>\n\t\t\t\t<\/div>\n\t\t\t\t\t<\/div>\n\t\t<\/div>\n\t\t\t\t<div class=\"elementor-column elementor-col-33 elementor-top-column elementor-element elementor-element-2a7de78\" data-id=\"2a7de78\" data-element_type=\"column\" data-e-type=\"column\">\n\t\t\t<div class=\"elementor-widget-wrap elementor-element-populated\">\n\t\t\t\t\t\t<div class=\"elementor-element elementor-element-a9f5978 elementor-widget elementor-widget-image\" data-id=\"a9f5978\" data-element_type=\"widget\" data-e-type=\"widget\" data-widget_type=\"image.default\">\n\t\t\t\t<div class=\"elementor-widget-container\">\n\t\t\t\t\t\t\t\t\t\t\t\t\t\t\t\t<a href=\"https:\/\/store.doyourownpestcontrol.com\/catalogsearch\/result\/?q=mabi\" target=\"_blank\">\n\t\t\t\t\t\t\t<img decoding=\"async\" width=\"225\" height=\"108\" src=\"https:\/\/www.mabi-usa.com\/wp-content\/uploads\/2019\/04\/doyourown.png\" class=\"attachment-large size-large wp-image-1509\" alt=\"do-it-yourself pest control\" srcset=\"https:\/\/www.mabi-usa.com\/wp-content\/uploads\/2019\/04\/doyourown.png 225w, https:\/\/www.mabi-usa.com\/wp-content\/uploads\/2019\/04\/doyourown-24x12.png 24w, https:\/\/www.mabi-usa.com\/wp-content\/uploads\/2019\/04\/doyourown-36x17.png 36w, https:\/\/www.mabi-usa.com\/wp-content\/uploads\/2019\/04\/doyourown-48x23.png 48w\" sizes=\"(max-width: 225px) 100vw, 225px\" \/>\t\t\t\t\t\t\t\t<\/a>\n\t\t\t\t\t\t\t\t\t\t\t\t\t\t\t<\/div>\n\t\t\t\t<\/div>\n\t\t\t\t<div class=\"elementor-element elementor-element-7b98998 elementor-widget elementor-widget-text-editor\" data-id=\"7b98998\" data-element_type=\"widget\" data-e-type=\"widget\" data-widget_type=\"text-editor.default\">\n\t\t\t\t<div class=\"elementor-widget-container\">\n\t\t\t\t\t\t\t\t\t<p>Para profesionales y compradores individuales.<br \/><br \/>Pro Pest Products, que opera como &#8220;Do It Yourself Pest Control&#8221;, es la tienda en l\u00ednea m\u00e1s famosa para el control de plagas y termitas en los Estados Unidos.<br \/><br \/>Est\u00e1n en el negocio desde 1982 con 2 sucursales en las costas este y oeste (Georgia y Arizona).<br \/><br \/>Aseg\u00farese de consultar la p\u00e1gina de los producto Mabi antes de completar su pedido de Termidor, Taurus, XT-2000 o BoraCare.<\/p>\t\t\t\t\t\t\t\t<\/div>\n\t\t\t\t<\/div>\n\t\t\t\t<div class=\"elementor-element elementor-element-2e21155 elementor-widget elementor-widget-heading\" data-id=\"2e21155\" data-element_type=\"widget\" data-e-type=\"widget\" data-widget_type=\"heading.default\">\n\t\t\t\t<div class=\"elementor-widget-container\">\n\t\t\t\t\t<h3 class=\"elementor-heading-title elementor-size-default\"><a href=\"https:\/\/store.doyourownpestcontrol.com\/catalogsearch\/result\/?q=mabi\" target=\"_blank\">Compre aqu\u00ed<\/a><\/h3>\t\t\t\t<\/div>\n\t\t\t\t<\/div>\n\t\t\t\t\t<\/div>\n\t\t<\/div>\n\t\t\t\t\t<\/div>\n\t\t<\/section>\n\t\t\t\t<section class=\"elementor-section elementor-top-section elementor-element elementor-element-72320c0 elementor-section-boxed elementor-section-height-default elementor-section-height-default\" data-id=\"72320c0\" data-element_type=\"section\" data-e-type=\"section\">\n\t\t\t\t\t\t<div class=\"elementor-container elementor-column-gap-default\">\n\t\t\t\t\t<div class=\"elementor-column elementor-col-100 elementor-top-column elementor-element elementor-element-b520e70\" data-id=\"b520e70\" data-element_type=\"column\" data-e-type=\"column\">\n\t\t\t<div class=\"elementor-widget-wrap elementor-element-populated\">\n\t\t\t\t\t\t<div class=\"elementor-element elementor-element-4080470 elementor-widget elementor-widget-text-editor\" data-id=\"4080470\" data-element_type=\"widget\" data-e-type=\"widget\" data-widget_type=\"text-editor.default\">\n\t\t\t\t<div class=\"elementor-widget-container\">\n\t\t\t\t\t\t\t\t\t<h2 style=\"text-align: center;\"><span style=\"color: #000000;\">\u00bfNo est\u00e1 en los Estados Unidos? Presente en m\u00e1s de 30 pa\u00edses en todo el mundo, un distribuidor MABI est\u00e1 m\u00e1s cerca de lo que cree.<\/span><br \/><br \/><span style=\"color: #000000;\">P\u00f3ngase en contacto con nosotros para localizar su distribuidor local MABI<\/span><\/h2>\n<p>\u00a0<\/p>\n<p style=\"text-align: center;\">\u00bfQuieres ser un distribuidor oficial MABI?<\/p>\n<p style=\"text-align: center;\"><a href=\"https:\/\/www.mabi-usa.com\/es\/contactenos\/\" target=\"_blank\" rel=\"noopener\"><u>Cont\u00e1ctenos<\/u><\/a> para enviar su solicitud.<\/p>\t\t\t\t\t\t\t\t<\/div>\n\t\t\t\t<\/div>\n\t\t\t\t\t<\/div>\n\t\t<\/div>\n\t\t\t\t\t<\/div>\n\t\t<\/section>\n\t\t\t\t<\/div>\n\t\t","protected":false},"excerpt":{"rendered":"<p>Consulte con su proveedor dedicado al suministro de productos y equipos para el Control de Plagas y Termitas o p\u00f3ngase&#8230;<\/p>\n","protected":false},"author":4,"featured_media":0,"parent":0,"menu_order":0,"comment_status":"closed","ping_status":"closed","template":"","meta":{"footnotes":""},"class_list":["post-1733","page","type-page","status-publish","hentry"],"yoast_head":"<!-- This site is optimized with the Yoast SEO plugin v27.3 - https:\/\/yoast.com\/product\/yoast-seo-wordpress\/ -->\n<title>Where to buy MABI injectors, the new termite plugs?<\/title>\n<meta name=\"description\" content=\"Try the new injection plugs Mabi injectors for your termite treatment by contacting one of our distributor located in all States in the US Florida,Georgia..\" \/>\n<meta name=\"robots\" content=\"index, follow, max-snippet:-1, max-image-preview:large, max-video-preview:-1\" \/>\n<link rel=\"canonical\" href=\"https:\/\/www.mabi-usa.com\/es\/dealers\/\" \/>\n<meta property=\"og:locale\" content=\"es_MX\" \/>\n<meta property=\"og:type\" content=\"article\" \/>\n<meta property=\"og:title\" content=\"Where to buy MABI injectors, the new termite plugs?\" \/>\n<meta property=\"og:description\" content=\"Try the new injection plugs Mabi injectors for your termite treatment by contacting one of our distributor located in all States in the US Florida,Georgia..\" \/>\n<meta property=\"og:url\" content=\"https:\/\/www.mabi-usa.com\/es\/dealers\/\" \/>\n<meta property=\"og:site_name\" content=\"MABI USA\" \/>\n<meta property=\"article:modified_time\" content=\"2019-10-04T06:57:28+00:00\" \/>\n<meta property=\"og:image\" content=\"https:\/\/www.mabi-usa.com\/wp-content\/uploads\/2019\/04\/termitestore.png\" \/>\n<script type=\"application\/ld+json\" class=\"yoast-schema-graph\">{\"@context\":\"https:\\\/\\\/schema.org\",\"@graph\":[{\"@type\":\"WebPage\",\"@id\":\"https:\\\/\\\/www.mabi-usa.com\\\/es\\\/dealers\\\/\",\"url\":\"https:\\\/\\\/www.mabi-usa.com\\\/es\\\/dealers\\\/\",\"name\":\"Where to buy MABI injectors, the new termite plugs?\",\"isPartOf\":{\"@id\":\"https:\\\/\\\/www.mabi-usa.com\\\/es\\\/#website\"},\"primaryImageOfPage\":{\"@id\":\"https:\\\/\\\/www.mabi-usa.com\\\/es\\\/dealers\\\/#primaryimage\"},\"image\":{\"@id\":\"https:\\\/\\\/www.mabi-usa.com\\\/es\\\/dealers\\\/#primaryimage\"},\"thumbnailUrl\":\"https:\\\/\\\/www.mabi-usa.com\\\/wp-content\\\/uploads\\\/2019\\\/04\\\/termitestore.png\",\"datePublished\":\"2019-04-05T08:41:22+00:00\",\"dateModified\":\"2019-10-04T06:57:28+00:00\",\"description\":\"Try the new injection plugs Mabi injectors for your termite treatment by contacting one of our distributor located in all States in the US Florida,Georgia..\",\"breadcrumb\":{\"@id\":\"https:\\\/\\\/www.mabi-usa.com\\\/es\\\/dealers\\\/#breadcrumb\"},\"inLanguage\":\"es\",\"potentialAction\":[{\"@type\":\"ReadAction\",\"target\":[\"https:\\\/\\\/www.mabi-usa.com\\\/es\\\/dealers\\\/\"]}]},{\"@type\":\"ImageObject\",\"inLanguage\":\"es\",\"@id\":\"https:\\\/\\\/www.mabi-usa.com\\\/es\\\/dealers\\\/#primaryimage\",\"url\":\"https:\\\/\\\/www.mabi-usa.com\\\/wp-content\\\/uploads\\\/2019\\\/04\\\/termitestore.png\",\"contentUrl\":\"https:\\\/\\\/www.mabi-usa.com\\\/wp-content\\\/uploads\\\/2019\\\/04\\\/termitestore.png\"},{\"@type\":\"BreadcrumbList\",\"@id\":\"https:\\\/\\\/www.mabi-usa.com\\\/es\\\/dealers\\\/#breadcrumb\",\"itemListElement\":[{\"@type\":\"ListItem\",\"position\":1,\"name\":\"Accueil\",\"item\":\"https:\\\/\\\/www.mabi-usa.com\\\/es\\\/\"},{\"@type\":\"ListItem\",\"position\":2,\"name\":\"ORDENAR\"}]},{\"@type\":\"WebSite\",\"@id\":\"https:\\\/\\\/www.mabi-usa.com\\\/es\\\/#website\",\"url\":\"https:\\\/\\\/www.mabi-usa.com\\\/es\\\/\",\"name\":\"MABI USA\",\"description\":\"\",\"publisher\":{\"@id\":\"https:\\\/\\\/www.mabi-usa.com\\\/es\\\/#organization\"},\"inLanguage\":\"es\"},{\"@type\":\"Organization\",\"@id\":\"https:\\\/\\\/www.mabi-usa.com\\\/es\\\/#organization\",\"name\":\"MABI\",\"url\":\"https:\\\/\\\/www.mabi-usa.com\\\/es\\\/\",\"logo\":{\"@type\":\"ImageObject\",\"inLanguage\":\"es\",\"@id\":\"https:\\\/\\\/www.mabi-usa.com\\\/es\\\/#\\\/schema\\\/logo\\\/image\\\/\",\"url\":\"https:\\\/\\\/www.mabi-usa.com\\\/wp-content\\\/uploads\\\/2016\\\/08\\\/icone.jpg\",\"contentUrl\":\"https:\\\/\\\/www.mabi-usa.com\\\/wp-content\\\/uploads\\\/2016\\\/08\\\/icone.jpg\",\"width\":500,\"height\":500,\"caption\":\"MABI\"},\"image\":{\"@id\":\"https:\\\/\\\/www.mabi-usa.com\\\/es\\\/#\\\/schema\\\/logo\\\/image\\\/\"}}]}<\/script>\n<!-- \/ Yoast SEO plugin. -->","yoast_head_json":{"title":"Where to buy MABI injectors, the new termite plugs?","description":"Try the new injection plugs Mabi injectors for your termite treatment by contacting one of our distributor located in all States in the US Florida,Georgia..","robots":{"index":"index","follow":"follow","max-snippet":"max-snippet:-1","max-image-preview":"max-image-preview:large","max-video-preview":"max-video-preview:-1"},"canonical":"https:\/\/www.mabi-usa.com\/es\/dealers\/","og_locale":"es_MX","og_type":"article","og_title":"Where to buy MABI injectors, the new termite plugs?","og_description":"Try the new injection plugs Mabi injectors for your termite treatment by contacting one of our distributor located in all States in the US Florida,Georgia..","og_url":"https:\/\/www.mabi-usa.com\/es\/dealers\/","og_site_name":"MABI USA","article_modified_time":"2019-10-04T06:57:28+00:00","og_image":[{"url":"https:\/\/www.mabi-usa.com\/wp-content\/uploads\/2019\/04\/termitestore.png","type":"","width":"","height":""}],"schema":{"@context":"https:\/\/schema.org","@graph":[{"@type":"WebPage","@id":"https:\/\/www.mabi-usa.com\/es\/dealers\/","url":"https:\/\/www.mabi-usa.com\/es\/dealers\/","name":"Where to buy MABI injectors, the new termite plugs?","isPartOf":{"@id":"https:\/\/www.mabi-usa.com\/es\/#website"},"primaryImageOfPage":{"@id":"https:\/\/www.mabi-usa.com\/es\/dealers\/#primaryimage"},"image":{"@id":"https:\/\/www.mabi-usa.com\/es\/dealers\/#primaryimage"},"thumbnailUrl":"https:\/\/www.mabi-usa.com\/wp-content\/uploads\/2019\/04\/termitestore.png","datePublished":"2019-04-05T08:41:22+00:00","dateModified":"2019-10-04T06:57:28+00:00","description":"Try the new injection plugs Mabi injectors for your termite treatment by contacting one of our distributor located in all States in the US Florida,Georgia..","breadcrumb":{"@id":"https:\/\/www.mabi-usa.com\/es\/dealers\/#breadcrumb"},"inLanguage":"es","potentialAction":[{"@type":"ReadAction","target":["https:\/\/www.mabi-usa.com\/es\/dealers\/"]}]},{"@type":"ImageObject","inLanguage":"es","@id":"https:\/\/www.mabi-usa.com\/es\/dealers\/#primaryimage","url":"https:\/\/www.mabi-usa.com\/wp-content\/uploads\/2019\/04\/termitestore.png","contentUrl":"https:\/\/www.mabi-usa.com\/wp-content\/uploads\/2019\/04\/termitestore.png"},{"@type":"BreadcrumbList","@id":"https:\/\/www.mabi-usa.com\/es\/dealers\/#breadcrumb","itemListElement":[{"@type":"ListItem","position":1,"name":"Accueil","item":"https:\/\/www.mabi-usa.com\/es\/"},{"@type":"ListItem","position":2,"name":"ORDENAR"}]},{"@type":"WebSite","@id":"https:\/\/www.mabi-usa.com\/es\/#website","url":"https:\/\/www.mabi-usa.com\/es\/","name":"MABI USA","description":"","publisher":{"@id":"https:\/\/www.mabi-usa.com\/es\/#organization"},"inLanguage":"es"},{"@type":"Organization","@id":"https:\/\/www.mabi-usa.com\/es\/#organization","name":"MABI","url":"https:\/\/www.mabi-usa.com\/es\/","logo":{"@type":"ImageObject","inLanguage":"es","@id":"https:\/\/www.mabi-usa.com\/es\/#\/schema\/logo\/image\/","url":"https:\/\/www.mabi-usa.com\/wp-content\/uploads\/2016\/08\/icone.jpg","contentUrl":"https:\/\/www.mabi-usa.com\/wp-content\/uploads\/2016\/08\/icone.jpg","width":500,"height":500,"caption":"MABI"},"image":{"@id":"https:\/\/www.mabi-usa.com\/es\/#\/schema\/logo\/image\/"}}]}},"_links":{"self":[{"href":"https:\/\/www.mabi-usa.com\/es\/wp-json\/wp\/v2\/pages\/1733","targetHints":{"allow":["GET"]}}],"collection":[{"href":"https:\/\/www.mabi-usa.com\/es\/wp-json\/wp\/v2\/pages"}],"about":[{"href":"https:\/\/www.mabi-usa.com\/es\/wp-json\/wp\/v2\/types\/page"}],"author":[{"embeddable":true,"href":"https:\/\/www.mabi-usa.com\/es\/wp-json\/wp\/v2\/users\/4"}],"replies":[{"embeddable":true,"href":"https:\/\/www.mabi-usa.com\/es\/wp-json\/wp\/v2\/comments?post=1733"}],"version-history":[{"count":5,"href":"https:\/\/www.mabi-usa.com\/es\/wp-json\/wp\/v2\/pages\/1733\/revisions"}],"predecessor-version":[{"id":1780,"href":"https:\/\/www.mabi-usa.com\/es\/wp-json\/wp\/v2\/pages\/1733\/revisions\/1780"}],"wp:attachment":[{"href":"https:\/\/www.mabi-usa.com\/es\/wp-json\/wp\/v2\/media?parent=1733"}],"curies":[{"name":"wp","href":"https:\/\/api.w.org\/{rel}","templated":true}]}}