{"id":1023,"date":"2018-03-21T17:17:48","date_gmt":"2018-03-21T16:17:48","guid":{"rendered":"https:\/\/www.mabi-usa.com\/?page_id=1023"},"modified":"2024-02-01T07:47:08","modified_gmt":"2024-02-01T15:47:08","slug":"chemical-injection","status":"publish","type":"page","link":"https:\/\/www.mabi-usa.com\/es\/","title":{"rendered":"Equipo de inyecci\u00f3n qu\u00edmica"},"content":{"rendered":"<div data-elementor-type=\"wp-post\" data-elementor-id=\"350\" class=\"elementor elementor-350 elementor-10\" data-elementor-post-type=\"page\">\n\t\t\t\t\t\t<section class=\"elementor-section elementor-top-section elementor-element elementor-element-0a38820 elementor-section-stretched elementor-section-full_width elementor-section-height-default elementor-section-height-default\" data-id=\"0a38820\" data-element_type=\"section\" data-e-type=\"section\" data-settings=\"{&quot;stretch_section&quot;:&quot;section-stretched&quot;}\">\n\t\t\t\t\t\t<div class=\"elementor-container elementor-column-gap-default\">\n\t\t\t\t\t<div class=\"elementor-column elementor-col-100 elementor-top-column elementor-element elementor-element-4aa4205\" data-id=\"4aa4205\" data-element_type=\"column\" data-e-type=\"column\">\n\t\t\t<div class=\"elementor-widget-wrap elementor-element-populated\">\n\t\t\t\t\t\t<div class=\"elementor-element elementor-element-973468f elementor-widget elementor-widget-image\" data-id=\"973468f\" data-element_type=\"widget\" data-e-type=\"widget\" data-widget_type=\"image.default\">\n\t\t\t\t<div class=\"elementor-widget-container\">\n\t\t\t\t\t\t\t\t\t\t\t\t\t\t\t<img loading=\"lazy\" loading=\"lazy\" decoding=\"async\" width=\"1823\" height=\"517\" src=\"https:\/\/www.mabi-usa.com\/wp-content\/uploads\/2018\/05\/wood-injection-usa.png\" class=\"attachment-full size-full wp-image-1395\" alt=\"wood injection for wood treatment\" srcset=\"https:\/\/www.mabi-usa.com\/wp-content\/uploads\/2018\/05\/wood-injection-usa.png 1823w, https:\/\/www.mabi-usa.com\/wp-content\/uploads\/2018\/05\/wood-injection-usa-300x85.png 300w, https:\/\/www.mabi-usa.com\/wp-content\/uploads\/2018\/05\/wood-injection-usa-768x218.png 768w, https:\/\/www.mabi-usa.com\/wp-content\/uploads\/2018\/05\/wood-injection-usa-1024x290.png 1024w, https:\/\/www.mabi-usa.com\/wp-content\/uploads\/2018\/05\/wood-injection-usa-24x7.png 24w, https:\/\/www.mabi-usa.com\/wp-content\/uploads\/2018\/05\/wood-injection-usa-36x10.png 36w, https:\/\/www.mabi-usa.com\/wp-content\/uploads\/2018\/05\/wood-injection-usa-48x14.png 48w\" sizes=\"auto, (max-width: 1823px) 100vw, 1823px\" \/>\t\t\t\t\t\t\t\t\t\t\t\t\t\t\t<\/div>\n\t\t\t\t<\/div>\n\t\t\t\t\t<\/div>\n\t\t<\/div>\n\t\t\t\t\t<\/div>\n\t\t<\/section>\n\t\t\t\t<section class=\"elementor-section elementor-top-section elementor-element elementor-element-47c5880 elementor-section-stretched elementor-section-full_width elementor-section-height-default elementor-section-height-default\" data-id=\"47c5880\" data-element_type=\"section\" data-e-type=\"section\" data-settings=\"{&quot;stretch_section&quot;:&quot;section-stretched&quot;}\">\n\t\t\t\t\t\t<div class=\"elementor-container elementor-column-gap-default\">\n\t\t\t\t\t<div class=\"elementor-column elementor-col-100 elementor-top-column elementor-element elementor-element-9c5834e\" data-id=\"9c5834e\" data-element_type=\"column\" data-e-type=\"column\">\n\t\t\t<div class=\"elementor-widget-wrap elementor-element-populated\">\n\t\t\t\t\t\t<div class=\"elementor-element elementor-element-21b9648 elementor-widget elementor-widget-text-editor\" data-id=\"21b9648\" data-element_type=\"widget\" data-e-type=\"widget\" data-widget_type=\"text-editor.default\">\n\t\t\t\t<div class=\"elementor-widget-container\">\n\t\t\t\t\t\t\t\t\t<p class=\"p1\" style=\"text-align: center;\"><span class=\"s1\">Los agentes destructores de madera est\u00e1n buscando material celul\u00f3sico y da\u00f1ar\u00e1n la madera estructural de un edificio. Las termitas de madera seca no requieren un contacto con el suelo y un tratamiento en puntos localizados es obligatorio para librarse de <\/span><\/p><\/div><\/div><\/div><\/div><\/div><\/section><\/div>&hellip;","protected":false},"excerpt":{"rendered":"<div data-elementor-type=\"wp-post\" data-elementor-id=\"350\" class=\"elementor elementor-350 elementor-10\" data-elementor-post-type=\"page\">\n\t\t\t\t\t\t<section class=\"elementor-section elementor-top-section elementor-element elementor-element-0a38820 elementor-section-stretched elementor-section-full_width elementor-section-height-default elementor-section-height-default\" data-id=\"0a38820\" data-element_type=\"section\" data-e-type=\"section\" data-settings=\"{&quot;stretch_section&quot;:&quot;section-stretched&quot;}\">\n\t\t\t\t\t\t<div class=\"elementor-container elementor-column-gap-default\">\n\t\t\t\t\t<div class=\"elementor-column elementor-col-100 elementor-top-column elementor-element elementor-element-4aa4205\" data-id=\"4aa4205\" data-element_type=\"column\" data-e-type=\"column\">\n\t\t\t<div class=\"elementor-widget-wrap elementor-element-populated\">\n\t\t\t\t\t\t<div class=\"elementor-element elementor-element-973468f elementor-widget elementor-widget-image\" data-id=\"973468f\" data-element_type=\"widget\" data-e-type=\"widget\" data-widget_type=\"image.default\">\n\t\t\t\t<div class=\"elementor-widget-container\">\n\t\t\t\t\t\t\t\t\t\t\t\t\t\t\t<img loading=\"lazy\" decoding=\"async\" width=\"1823\" height=\"517\" src=\"https:\/\/www.mabi-usa.com\/wp-content\/uploads\/2018\/05\/wood-injection-usa.png\" class=\"attachment-full size-full wp-image-1395\" alt=\"wood injection for wood treatment\" srcset=\"https:\/\/www.mabi-usa.com\/wp-content\/uploads\/2018\/05\/wood-injection-usa.png 1823w, https:\/\/www.mabi-usa.com\/wp-content\/uploads\/2018\/05\/wood-injection-usa-300x85.png 300w, https:\/\/www.mabi-usa.com\/wp-content\/uploads\/2018\/05\/wood-injection-usa-768x218.png 768w, https:\/\/www.mabi-usa.com\/wp-content\/uploads\/2018\/05\/wood-injection-usa-1024x290.png 1024w, https:\/\/www.mabi-usa.com\/wp-content\/uploads\/2018\/05\/wood-injection-usa-24x7.png 24w, https:\/\/www.mabi-usa.com\/wp-content\/uploads\/2018\/05\/wood-injection-usa-36x10.png 36w, https:\/\/www.mabi-usa.com\/wp-content\/uploads\/2018\/05\/wood-injection-usa-48x14.png 48w\" sizes=\"(max-width: 1823px) 100vw, 1823px\" \/>\t\t\t\t\t\t\t\t\t\t\t\t\t\t\t<\/div>\n\t\t\t\t<\/div>\n\t\t\t\t\t<\/div>\n\t\t<\/div>\n\t\t\t\t\t<\/div>\n\t\t<\/section>\n\t\t\t\t<section class=\"elementor-section elementor-top-section elementor-element elementor-element-47c5880 elementor-section-stretched elementor-section-full_width elementor-section-height-default elementor-section-height-default\" data-id=\"47c5880\" data-element_type=\"section\" data-e-type=\"section\" data-settings=\"{&quot;stretch_section&quot;:&quot;section-stretched&quot;}\">\n\t\t\t\t\t\t<div class=\"elementor-container elementor-column-gap-default\">\n\t\t\t\t\t<div class=\"elementor-column elementor-col-100 elementor-top-column elementor-element elementor-element-9c5834e\" data-id=\"9c5834e\" data-element_type=\"column\" data-e-type=\"column\">\n\t\t\t<div class=\"elementor-widget-wrap elementor-element-populated\">\n\t\t\t\t\t\t<div class=\"elementor-element elementor-element-21b9648 elementor-widget elementor-widget-text-editor\" data-id=\"21b9648\" data-element_type=\"widget\" data-e-type=\"widget\" data-widget_type=\"text-editor.default\">\n\t\t\t\t<div class=\"elementor-widget-container\">\n\t\t\t\t\t\t\t\t\t<p class=\"p1\" style=\"text-align: center;\"><span class=\"s1\">Los agentes destructores de madera est\u00e1n buscando material celul\u00f3sico y da\u00f1ar\u00e1n la madera estructural de un edificio. Las termitas de madera seca no requieren un contacto con el suelo y un tratamiento en puntos localizados es obligatorio para librarse de <\/span><\/p><\/div><\/div><\/div><\/div><\/div><\/section><\/div>&hellip;","protected":false},"author":5,"featured_media":0,"parent":0,"menu_order":0,"comment_status":"closed","ping_status":"closed","template":"","meta":{"footnotes":""},"class_list":["post-1023","page","type-page","status-publish","hentry"],"yoast_head":"<!-- This site is optimized with the Yoast SEO plugin v27.4 - https:\/\/yoast.com\/product\/yoast-seo-wordpress\/ -->\n<title>Equipo de inyecci\u00f3n qu\u00edmica | MABI USA<\/title>\n<meta name=\"description\" content=\"El sistema MABI es un medio para difundir los productos qu\u00edmicos de manera m\u00e1s eficaz, m\u00e1s segura para el aplicador y mejor para el medio ambiente.\" \/>\n<meta name=\"robots\" content=\"index, follow, max-snippet:-1, max-image-preview:large, max-video-preview:-1\" \/>\n<link rel=\"canonical\" href=\"https:\/\/www.mabi-usa.com\/es\/\" \/>\n<meta property=\"og:locale\" content=\"es_MX\" \/>\n<meta property=\"og:type\" content=\"article\" \/>\n<meta property=\"og:title\" content=\"Equipo de inyecci\u00f3n qu\u00edmica | MABI USA\" \/>\n<meta property=\"og:description\" content=\"El sistema MABI es un medio para difundir los productos qu\u00edmicos de manera m\u00e1s eficaz, m\u00e1s segura para el aplicador y mejor para el medio ambiente.\" \/>\n<meta property=\"og:url\" content=\"https:\/\/www.mabi-usa.com\/es\/\" \/>\n<meta property=\"og:site_name\" content=\"MABI USA\" \/>\n<meta property=\"article:modified_time\" content=\"2024-02-01T15:47:08+00:00\" \/>\n<meta property=\"og:image\" content=\"https:\/\/www.mabi-usa.com\/wp-content\/uploads\/2021\/03\/termite-plug-e1684312800974.png\" \/>\n<script type=\"application\/ld+json\" class=\"yoast-schema-graph\">{\"@context\":\"https:\\\/\\\/schema.org\",\"@graph\":[{\"@type\":\"WebPage\",\"@id\":\"https:\\\/\\\/www.mabi-usa.com\\\/es\\\/\",\"url\":\"https:\\\/\\\/www.mabi-usa.com\\\/es\\\/\",\"name\":\"Equipo de inyecci\u00f3n qu\u00edmica | MABI USA\",\"isPartOf\":{\"@id\":\"https:\\\/\\\/www.mabi-usa.com\\\/es\\\/#website\"},\"primaryImageOfPage\":{\"@id\":\"https:\\\/\\\/www.mabi-usa.com\\\/es\\\/#primaryimage\"},\"image\":{\"@id\":\"https:\\\/\\\/www.mabi-usa.com\\\/es\\\/#primaryimage\"},\"thumbnailUrl\":\"https:\\\/\\\/www.mabi-usa.com\\\/wp-content\\\/uploads\\\/2021\\\/03\\\/termite-plug-e1684312800974.png\",\"datePublished\":\"2018-03-21T16:17:48+00:00\",\"dateModified\":\"2024-02-01T15:47:08+00:00\",\"description\":\"El sistema MABI es un medio para difundir los productos qu\u00edmicos de manera m\u00e1s eficaz, m\u00e1s segura para el aplicador y mejor para el medio ambiente.\",\"breadcrumb\":{\"@id\":\"https:\\\/\\\/www.mabi-usa.com\\\/es\\\/#breadcrumb\"},\"inLanguage\":\"es\",\"potentialAction\":[{\"@type\":\"ReadAction\",\"target\":[\"https:\\\/\\\/www.mabi-usa.com\\\/es\\\/\"]}]},{\"@type\":\"ImageObject\",\"inLanguage\":\"es\",\"@id\":\"https:\\\/\\\/www.mabi-usa.com\\\/es\\\/#primaryimage\",\"url\":\"https:\\\/\\\/www.mabi-usa.com\\\/wp-content\\\/uploads\\\/2021\\\/03\\\/termite-plug-e1684312800974.png\",\"contentUrl\":\"https:\\\/\\\/www.mabi-usa.com\\\/wp-content\\\/uploads\\\/2021\\\/03\\\/termite-plug-e1684312800974.png\"},{\"@type\":\"BreadcrumbList\",\"@id\":\"https:\\\/\\\/www.mabi-usa.com\\\/es\\\/#breadcrumb\",\"itemListElement\":[{\"@type\":\"ListItem\",\"position\":1,\"name\":\"Accueil\",\"item\":\"https:\\\/\\\/www.mabi-usa.com\\\/es\\\/\"},{\"@type\":\"ListItem\",\"position\":2,\"name\":\"Equipo de inyecci\u00f3n qu\u00edmica\"}]},{\"@type\":\"WebSite\",\"@id\":\"https:\\\/\\\/www.mabi-usa.com\\\/es\\\/#website\",\"url\":\"https:\\\/\\\/www.mabi-usa.com\\\/es\\\/\",\"name\":\"MABI USA\",\"description\":\"\",\"publisher\":{\"@id\":\"https:\\\/\\\/www.mabi-usa.com\\\/es\\\/#organization\"},\"inLanguage\":\"es\"},{\"@type\":\"Organization\",\"@id\":\"https:\\\/\\\/www.mabi-usa.com\\\/es\\\/#organization\",\"name\":\"MABI\",\"url\":\"https:\\\/\\\/www.mabi-usa.com\\\/es\\\/\",\"logo\":{\"@type\":\"ImageObject\",\"inLanguage\":\"es\",\"@id\":\"https:\\\/\\\/www.mabi-usa.com\\\/es\\\/#\\\/schema\\\/logo\\\/image\\\/\",\"url\":\"https:\\\/\\\/www.mabi-usa.com\\\/wp-content\\\/uploads\\\/2016\\\/08\\\/icone.jpg\",\"contentUrl\":\"https:\\\/\\\/www.mabi-usa.com\\\/wp-content\\\/uploads\\\/2016\\\/08\\\/icone.jpg\",\"width\":500,\"height\":500,\"caption\":\"MABI\"},\"image\":{\"@id\":\"https:\\\/\\\/www.mabi-usa.com\\\/es\\\/#\\\/schema\\\/logo\\\/image\\\/\"}}]}<\/script>\n<!-- \/ Yoast SEO plugin. -->","yoast_head_json":{"title":"Equipo de inyecci\u00f3n qu\u00edmica | MABI USA","description":"El sistema MABI es un medio para difundir los productos qu\u00edmicos de manera m\u00e1s eficaz, m\u00e1s segura para el aplicador y mejor para el medio ambiente.","robots":{"index":"index","follow":"follow","max-snippet":"max-snippet:-1","max-image-preview":"max-image-preview:large","max-video-preview":"max-video-preview:-1"},"canonical":"https:\/\/www.mabi-usa.com\/es\/","og_locale":"es_MX","og_type":"article","og_title":"Equipo de inyecci\u00f3n qu\u00edmica | MABI USA","og_description":"El sistema MABI es un medio para difundir los productos qu\u00edmicos de manera m\u00e1s eficaz, m\u00e1s segura para el aplicador y mejor para el medio ambiente.","og_url":"https:\/\/www.mabi-usa.com\/es\/","og_site_name":"MABI USA","article_modified_time":"2024-02-01T15:47:08+00:00","og_image":[{"url":"https:\/\/www.mabi-usa.com\/wp-content\/uploads\/2021\/03\/termite-plug-e1684312800974.png","type":"","width":"","height":""}],"schema":{"@context":"https:\/\/schema.org","@graph":[{"@type":"WebPage","@id":"https:\/\/www.mabi-usa.com\/es\/","url":"https:\/\/www.mabi-usa.com\/es\/","name":"Equipo de inyecci\u00f3n qu\u00edmica | MABI USA","isPartOf":{"@id":"https:\/\/www.mabi-usa.com\/es\/#website"},"primaryImageOfPage":{"@id":"https:\/\/www.mabi-usa.com\/es\/#primaryimage"},"image":{"@id":"https:\/\/www.mabi-usa.com\/es\/#primaryimage"},"thumbnailUrl":"https:\/\/www.mabi-usa.com\/wp-content\/uploads\/2021\/03\/termite-plug-e1684312800974.png","datePublished":"2018-03-21T16:17:48+00:00","dateModified":"2024-02-01T15:47:08+00:00","description":"El sistema MABI es un medio para difundir los productos qu\u00edmicos de manera m\u00e1s eficaz, m\u00e1s segura para el aplicador y mejor para el medio ambiente.","breadcrumb":{"@id":"https:\/\/www.mabi-usa.com\/es\/#breadcrumb"},"inLanguage":"es","potentialAction":[{"@type":"ReadAction","target":["https:\/\/www.mabi-usa.com\/es\/"]}]},{"@type":"ImageObject","inLanguage":"es","@id":"https:\/\/www.mabi-usa.com\/es\/#primaryimage","url":"https:\/\/www.mabi-usa.com\/wp-content\/uploads\/2021\/03\/termite-plug-e1684312800974.png","contentUrl":"https:\/\/www.mabi-usa.com\/wp-content\/uploads\/2021\/03\/termite-plug-e1684312800974.png"},{"@type":"BreadcrumbList","@id":"https:\/\/www.mabi-usa.com\/es\/#breadcrumb","itemListElement":[{"@type":"ListItem","position":1,"name":"Accueil","item":"https:\/\/www.mabi-usa.com\/es\/"},{"@type":"ListItem","position":2,"name":"Equipo de inyecci\u00f3n qu\u00edmica"}]},{"@type":"WebSite","@id":"https:\/\/www.mabi-usa.com\/es\/#website","url":"https:\/\/www.mabi-usa.com\/es\/","name":"MABI USA","description":"","publisher":{"@id":"https:\/\/www.mabi-usa.com\/es\/#organization"},"inLanguage":"es"},{"@type":"Organization","@id":"https:\/\/www.mabi-usa.com\/es\/#organization","name":"MABI","url":"https:\/\/www.mabi-usa.com\/es\/","logo":{"@type":"ImageObject","inLanguage":"es","@id":"https:\/\/www.mabi-usa.com\/es\/#\/schema\/logo\/image\/","url":"https:\/\/www.mabi-usa.com\/wp-content\/uploads\/2016\/08\/icone.jpg","contentUrl":"https:\/\/www.mabi-usa.com\/wp-content\/uploads\/2016\/08\/icone.jpg","width":500,"height":500,"caption":"MABI"},"image":{"@id":"https:\/\/www.mabi-usa.com\/es\/#\/schema\/logo\/image\/"}}]}},"_links":{"self":[{"href":"https:\/\/www.mabi-usa.com\/es\/wp-json\/wp\/v2\/pages\/1023","targetHints":{"allow":["GET"]}}],"collection":[{"href":"https:\/\/www.mabi-usa.com\/es\/wp-json\/wp\/v2\/pages"}],"about":[{"href":"https:\/\/www.mabi-usa.com\/es\/wp-json\/wp\/v2\/types\/page"}],"author":[{"embeddable":true,"href":"https:\/\/www.mabi-usa.com\/es\/wp-json\/wp\/v2\/users\/5"}],"replies":[{"embeddable":true,"href":"https:\/\/www.mabi-usa.com\/es\/wp-json\/wp\/v2\/comments?post=1023"}],"version-history":[{"count":5,"href":"https:\/\/www.mabi-usa.com\/es\/wp-json\/wp\/v2\/pages\/1023\/revisions"}],"predecessor-version":[{"id":6566,"href":"https:\/\/www.mabi-usa.com\/es\/wp-json\/wp\/v2\/pages\/1023\/revisions\/6566"}],"wp:attachment":[{"href":"https:\/\/www.mabi-usa.com\/es\/wp-json\/wp\/v2\/media?parent=1023"}],"curies":[{"name":"wp","href":"https:\/\/api.w.org\/{rel}","templated":true}]}}